{"id":1432,"date":"2022-07-15T10:27:45","date_gmt":"2022-07-15T10:27:45","guid":{"rendered":"http:\/\/catcaffezagreb.com\/?page_id=1432"},"modified":"2025-05-27T08:30:35","modified_gmt":"2025-05-27T08:30:35","slug":"najcesca-pitanja","status":"publish","type":"page","link":"https:\/\/catcaffezagreb.com\/en\/najcesca-pitanja\/","title":{"rendered":"FAQ"},"content":{"rendered":"<p>[et_pb_section fb_built=&#8221;1&#8243; fullwidth=&#8221;on&#8221; next_background_color=&#8221;#ffffff&#8221; admin_label=&#8221;Header Section&#8221; _builder_version=&#8221;4.16&#8243; _module_preset=&#8221;default&#8221; background_color=&#8221;#000000&#8243; bottom_divider_style=&#8221;ramp&#8221; bottom_divider_flip=&#8221;horizontal&#8221; global_colors_info=&#8221;{}&#8221;][et_pb_fullwidth_header title=&#8221;PITANJA&#8221; subhead=&#8221;Va\u0161a naj\u010de\u0161\u0107a pitanja&#8221; content_max_width=&#8221;640px&#8221; _builder_version=&#8221;4.27.4&#8243; _module_preset=&#8221;default&#8221; title_font=&#8221;Oswald|||on|||||&#8221; title_text_color=&#8221;#FFFFFF&#8221; title_font_size=&#8221;20px&#8221; title_letter_spacing=&#8221;3px&#8221; title_line_height=&#8221;1.5em&#8221; content_font=&#8221;Lora||||||||&#8221; content_font_size=&#8221;22px&#8221; content_line_height=&#8221;2em&#8221; subhead_font=&#8221;Lora|700|||||||&#8221; subhead_text_color=&#8221;#FFFFFF&#8221; subhead_font_size=&#8221;60px&#8221; subhead_line_height=&#8221;1.5em&#8221; background_color=&#8221;rgba(255,255,255,0)&#8221; background_image=&#8221;https:\/\/catcaffezagreb.com\/wp-content\/uploads\/2025\/05\/rrrr.png&#8221; parallax=&#8221;on&#8221; parallax_method=&#8221;on&#8221; background_enable_video_mp4=&#8221;off&#8221; custom_button_one=&#8221;on&#8221; button_one_text_size=&#8221;16px&#8221; button_one_text_color=&#8221;#ffffff&#8221; button_one_bg_color=&#8221;#d29f68&#8243; button_one_border_width=&#8221;15px&#8221; button_one_border_color=&#8221;rgba(210,159,104,0)&#8221; button_one_border_radius=&#8221;100px&#8221; button_one_letter_spacing=&#8221;3px&#8221; button_one_font=&#8221;Oswald|||on|||||&#8221; button_one_use_icon=&#8221;off&#8221; custom_button_two=&#8221;on&#8221; button_two_text_size=&#8221;16px&#8221; button_two_text_color=&#8221;#ffffff&#8221; button_two_bg_color=&#8221;rgba(255,255,255,0.35)&#8221; button_two_border_width=&#8221;15px&#8221; button_two_border_color=&#8221;rgba(0,0,0,0)&#8221; button_two_border_radius=&#8221;100px&#8221; button_two_letter_spacing=&#8221;3px&#8221; button_two_font=&#8221;Oswald|||on|||||&#8221; button_two_use_icon=&#8221;off&#8221; custom_margin=&#8221;|||&#8221; custom_padding=&#8221;90px||90px||true&#8221; animation_style=&#8221;zoom&#8221; animation_duration=&#8221;2000ms&#8221; animation_intensity_zoom=&#8221;4%&#8221; hover_enabled=&#8221;0&#8243; subhead_font_size_tablet=&#8221;&#8221; subhead_font_size_phone=&#8221;50px&#8221; subhead_font_size_last_edited=&#8221;on|desktop&#8221; background_last_edited=&#8221;on|phone&#8221; button_one_border_radius_hover=&#8221;100px&#8221; button_one_bg_color_hover=&#8221;#cc8d66&#8243; button_two_bg_color_hover=&#8221;#d29f68&#8243; global_colors_info=&#8221;{}&#8221; button_one_text_size__hover_enabled=&#8221;off&#8221; button_two_text_size__hover_enabled=&#8221;off&#8221; button_one_text_color__hover_enabled=&#8221;off&#8221; button_two_text_color__hover_enabled=&#8221;off&#8221; button_one_border_width__hover_enabled=&#8221;off&#8221; button_two_border_width__hover_enabled=&#8221;off&#8221; button_one_border_color__hover_enabled=&#8221;off&#8221; button_two_border_color__hover_enabled=&#8221;off&#8221; button_one_border_radius__hover_enabled=&#8221;on&#8221; button_one_border_radius__hover=&#8221;100px&#8221; button_two_border_radius__hover_enabled=&#8221;off&#8221; button_one_letter_spacing__hover_enabled=&#8221;off&#8221; button_two_letter_spacing__hover_enabled=&#8221;off&#8221; button_one_bg_color__hover_enabled=&#8221;on&#8221; button_one_bg_color__hover=&#8221;#cc8d66&#8243; button_two_bg_color__hover_enabled=&#8221;on&#8221; button_two_bg_color__hover=&#8221;#d29f68&#8243; title_text=&#8221;rrrr&#8221; sticky_enabled=&#8221;0&#8243;][\/et_pb_fullwidth_header][\/et_pb_section][et_pb_section fb_built=&#8221;1&#8243; admin_label=&#8221;Vision Section&#8221; _builder_version=&#8221;4.16&#8243; _module_preset=&#8221;default&#8221; use_background_color_gradient=&#8221;on&#8221; background_color_gradient_stops=&#8221;#ffffff 50%|#232220 50%&#8221; background_color_gradient_start=&#8221;#ffffff&#8221; background_color_gradient_start_position=&#8221;50%&#8221; background_color_gradient_end=&#8221;#232220&#8243; background_color_gradient_end_position=&#8221;50%&#8221; custom_padding=&#8221;0|0px|80px|0px|false|false&#8221; global_colors_info=&#8221;{}&#8221;][et_pb_row _builder_version=&#8221;4.27.4&#8243; _module_preset=&#8221;default&#8221; background_color=&#8221;gcid-3ba57b69-4a12-4a74-9ef4-51684fa97201&#8243; background_enable_image=&#8221;off&#8221; custom_margin=&#8221;100px||||false|false&#8221; custom_padding=&#8221;80px|40px|80px|40px|true|false&#8221; animation_style=&#8221;zoom&#8221; animation_intensity_zoom=&#8221;5%&#8221; border_radii=&#8221;on|8px|8px|8px|8px&#8221; box_shadow_style=&#8221;preset3&#8243; box_shadow_vertical=&#8221;110px&#8221; box_shadow_blur=&#8221;80px&#8221; box_shadow_spread=&#8221;-80px&#8221; box_shadow_color=&#8221;rgba(0,0,0,0.12)&#8221; global_colors_info=&#8221;{%22gcid-3ba57b69-4a12-4a74-9ef4-51684fa97201%22:%91%22background_color%22%93}&#8221;][et_pb_column type=&#8221;4_4&#8243; _builder_version=&#8221;4.16&#8243; _module_preset=&#8221;default&#8221; custom_padding=&#8221;|||&#8221; global_colors_info=&#8221;{}&#8221; custom_padding__hover=&#8221;|||&#8221;][et_pb_text _builder_version=&#8221;4.27.4&#8243; _module_preset=&#8221;default&#8221; text_font=&#8221;Lora||||||||&#8221; text_text_color=&#8221;#FFFFFF&#8221; text_font_size=&#8221;18px&#8221; text_line_height=&#8221;2em&#8221; link_font=&#8221;||||||||&#8221; ul_font=&#8221;||||||||&#8221; ol_font=&#8221;||||||||&#8221; quote_font=&#8221;||||||||&#8221; header_font=&#8221;||||||||&#8221; header_text_color=&#8221;#FFFFFF&#8221; header_2_font=&#8221;Lora|700|||||||&#8221; header_2_text_color=&#8221;#FFFFFF&#8221; header_2_font_size=&#8221;50px&#8221; header_2_line_height=&#8221;1.5em&#8221; header_5_font=&#8221;Oswald|||on|||||&#8221; header_5_text_color=&#8221;#FFFFFF&#8221; header_5_font_size=&#8221;20px&#8221; header_5_letter_spacing=&#8221;3px&#8221; header_5_line_height=&#8221;1.7em&#8221; background_color=&#8221;RGBA(255,255,255,0)&#8221; text_orientation=&#8221;center&#8221; background_layout=&#8221;dark&#8221; max_width=&#8221;750px&#8221; module_alignment=&#8221;center&#8221; custom_padding=&#8221;0px|||||&#8221; text_line_height_last_edited=&#8221;off|desktop&#8221; header_2_font_size_tablet=&#8221;&#8221; header_2_font_size_phone=&#8221;36px&#8221; header_2_font_size_last_edited=&#8221;on|desktop&#8221; global_colors_info=&#8221;{}&#8221;]<\/p>\n<h5>WHAT YOU NEED TO KNOW<\/h5>\n<h2>You ask us the most...<\/h2>\n<p>...these few questions. If you can&#039;t find what you&#039;re interested in here, feel free to contact us or ask our staff when you visit the cats.<\/p>\n<p>[\/et_pb_text][\/et_pb_column][\/et_pb_row][\/et_pb_section][et_pb_section fb_built=&#8221;1&#8243; _builder_version=&#8221;4.17.4&#8243; _module_preset=&#8221;default&#8221; custom_padding=&#8221;21px||2px|||&#8221; global_colors_info=&#8221;{}&#8221;][et_pb_row _builder_version=&#8221;4.17.4&#8243; _module_preset=&#8221;default&#8221; global_colors_info=&#8221;{}&#8221;][et_pb_column type=&#8221;4_4&#8243; _builder_version=&#8221;4.17.4&#8243; _module_preset=&#8221;default&#8221; global_colors_info=&#8221;{}&#8221;][et_pb_icon font_icon=&#8221;&#xf1b0;||fa||900&#8243; icon_color=&#8221;gcid-3ba57b69-4a12-4a74-9ef4-51684fa97201&#8243; icon_width=&#8221;30px&#8221; _builder_version=&#8221;4.27.4&#8243; _module_preset=&#8221;default&#8221; global_colors_info=&#8221;{%22gcid-3ba57b69-4a12-4a74-9ef4-51684fa97201%22:%91%22icon_color%22%93}&#8221;][\/et_pb_icon][\/et_pb_column][\/et_pb_row][\/et_pb_section][et_pb_section fb_built=&#8221;1&#8243; admin_label=&#8221;Accordion Section&#8221; _builder_version=&#8221;4.17.4&#8243; _module_preset=&#8221;default&#8221; module_alignment=&#8221;center&#8221; min_height=&#8221;790px&#8221; custom_padding=&#8221;2px|0px|2px|0px|true|false&#8221; global_colors_info=&#8221;{}&#8221;][et_pb_row admin_label=&#8221;Accordion Row&#8221; _builder_version=&#8221;4.17.4&#8243; _module_preset=&#8221;default&#8221; width=&#8221;100%&#8221; max_width=&#8221;100%&#8221; custom_margin=&#8221;||-100px||false|false&#8221; use_custom_width=&#8221;on&#8221; width_unit=&#8221;off&#8221; custom_width_percent=&#8221;100%&#8221; global_colors_info=&#8221;{}&#8221;][et_pb_column type=&#8221;4_4&#8243; _builder_version=&#8221;4.17.4&#8243; _module_preset=&#8221;default&#8221; custom_padding=&#8221;|||&#8221; custom_padding_tablet=&#8221;|10%||10%||true&#8221; custom_padding_phone=&#8221;|10%||10%||true&#8221; custom_padding_last_edited=&#8221;on|tablet&#8221; global_colors_info=&#8221;{}&#8221; padding_tablet=&#8221;|10%||10%||true&#8221; padding_last_edited=&#8221;on|tablet&#8221; custom_padding__hover=&#8221;|||&#8221; padding_phone=&#8221;|10%||10%||true&#8221;][et_pb_text _builder_version=&#8221;4.27.4&#8243; _module_preset=&#8221;default&#8221; text_font=&#8221;Lora||||||||&#8221; text_text_color=&#8221;gcid-6c98f0e1-6af5-4617-9274-a05e96d485cc&#8221; text_font_size=&#8221;18px&#8221; text_line_height=&#8221;2em&#8221; link_font=&#8221;||||||||&#8221; ul_font=&#8221;||||||||&#8221; ol_font=&#8221;||||||||&#8221; quote_font=&#8221;||||||||&#8221; header_font=&#8221;||||||||&#8221; header_text_color=&#8221;#E09900&#8243; header_2_font=&#8221;Lora|700|||||||&#8221; header_2_text_color=&#8221;#E09900&#8243; header_2_font_size=&#8221;50px&#8221; header_2_line_height=&#8221;1.5em&#8221; header_3_text_color=&#8221;gcid-3ba57b69-4a12-4a74-9ef4-51684fa97201&#8243; header_5_font=&#8221;Oswald|||on|||||&#8221; header_5_text_color=&#8221;#E09900&#8243; header_5_font_size=&#8221;20px&#8221; header_5_letter_spacing=&#8221;3px&#8221; header_5_line_height=&#8221;1.7em&#8221; text_orientation=&#8221;center&#8221; background_layout=&#8221;dark&#8221; max_width=&#8221;750px&#8221; module_alignment=&#8221;center&#8221; custom_padding=&#8221;0px|||||&#8221; text_line_height_last_edited=&#8221;off|desktop&#8221; header_2_font_size_tablet=&#8221;&#8221; header_2_font_size_phone=&#8221;36px&#8221; header_2_font_size_last_edited=&#8221;on|desktop&#8221; global_colors_info=&#8221;{%22gcid-6c98f0e1-6af5-4617-9274-a05e96d485cc%22:%91%22text_text_color%22%93,%22gcid-3ba57b69-4a12-4a74-9ef4-51684fa97201%22:%91%22header_3_text_color%22%93}&#8221;]<\/p>\n<h3>About cats...<\/h3>\n<p>[\/et_pb_text][et_pb_accordion open_toggle_text_color=&#8221;#d29f68&#8243; open_toggle_background_color=&#8221;#232220&#8243; _builder_version=&#8221;4.17.4&#8243; _module_preset=&#8221;default&#8221; toggle_font=&#8221;Oswald|||on|||||&#8221; toggle_font_size=&#8221;16px&#8221; toggle_letter_spacing=&#8221;3px&#8221; toggle_line_height=&#8221;1.5em&#8221; body_font=&#8221;Lora||||||||&#8221; body_text_color=&#8221;#ffffff&#8221; body_font_size=&#8221;18px&#8221; body_line_height=&#8221;2em&#8221; max_width=&#8221;900px&#8221; max_width_tablet=&#8221;&#8221; max_width_phone=&#8221;&#8221; max_width_last_edited=&#8221;on|desktop&#8221; module_alignment=&#8221;center&#8221; custom_margin=&#8221;|||&#8221; animation_style=&#8221;slide&#8221; animation_direction=&#8221;top&#8221; animation_intensity_slide=&#8221;5%&#8221; border_radii=&#8221;on|8px|8px|8px|8px&#8221; border_width_all=&#8221;0px&#8221; global_colors_info=&#8221;{}&#8221;][et_pb_accordion_item title=&#8221;Mogu li hraniti mace u Cat Caffeu  Zagreb?&#8221; open=&#8221;on&#8221; _builder_version=&#8221;4.17.4&#8243; _module_preset=&#8221;default&#8221; global_colors_info=&#8221;{}&#8221;]<\/p>\n<p>It is strictly forbidden to bring any food, either cat or human.<\/p>\n<p>We do not have a permit for food consumption. Our cats will certainly try to persuade you to give them a few bites, but for their sake and for the sake of their digestion, do not feed them.<\/p>\n<p>[\/et_pb_accordion_item][et_pb_accordion_item title=&#8221;Mogu li dovesti ma\u010dku koju prona\u0111em na ulici?&#8221; _builder_version=&#8221;4.17.4&#8243; _module_preset=&#8221;default&#8221; body_link_text_color=&#8221;gcid-3ba57b69-4a12-4a74-9ef4-51684fa97201&#8243; global_colors_info=&#8221;{%22gcid-3ba57b69-4a12-4a74-9ef4-51684fa97201%22:%91%22body_link_text_color%22%93}&#8221; open=&#8221;off&#8221;]<\/p>\n<p>We are currently full. If you can, give the kitty a warm home. In case you still can&#039;t do it, place an ad on Nju\u0161kalo or any Facebook group you can find <a href=\"http:\/\/catcaffezagreb.com\/en\/mace\/#Donacije\" target=\"_blank\" rel=\"noopener\">HERE<\/a>.<\/p>\n<p>[\/et_pb_accordion_item][et_pb_accordion_item title=&#8221;Mogu li udomiti ma\u010dku iz kafi\u0107a?&#8221; _builder_version=&#8221;4.17.4&#8243; _module_preset=&#8221;default&#8221; body_link_text_color=&#8221;gcid-3ba57b69-4a12-4a74-9ef4-51684fa97201&#8243; global_colors_info=&#8221;{%22gcid-3ba57b69-4a12-4a74-9ef4-51684fa97201%22:%91%22body_link_text_color%22%93}&#8221; open=&#8221;off&#8221;]<\/p>\n<p>Cats in the cafe are not for adoption. In case you have a great desire to adopt, there are many pages, Facebook groups and associations that can help you in your search. Look for some of them <a href=\"http:\/\/catcaffezagreb.com\/en\/mace\/#Donacije\">HERE<\/a>.<\/p>\n<p>[\/et_pb_accordion_item][et_pb_accordion_item title=&#8221;Odakle su ma\u010dke iz kafi\u0107a?&#8221; _builder_version=&#8221;4.17.4&#8243; _module_preset=&#8221;default&#8221; global_colors_info=&#8221;{}&#8221; open=&#8221;off&#8221;]<\/p>\n<p>Most of them come from Zagreb, but there are also some from other parts of Croatia. Some were on the street, and some were in shelters, but many just followed the trail of good people and walked into the cafe.<\/p>\n<p>[\/et_pb_accordion_item][et_pb_accordion_item title=&#8221;Mogu li dovesti svoju ma\u010dku u kafi\u0107?&#8221; _builder_version=&#8221;4.17.4&#8243; _module_preset=&#8221;default&#8221; global_colors_info=&#8221;{}&#8221; open=&#8221;off&#8221;]<\/p>\n<p>In short; no, it is forbidden to bring cats. Our cats have been quarantined, they have all been vaccinated, microchipped and have undergone treatment to get rid of parasites. We won&#039;t be able to let you into the cafe if you bring a cat from outside.<\/p>\n<p>[\/et_pb_accordion_item][et_pb_accordion_item title=&#8221;Za\u0161to ma\u010dke spavaju kada do\u0111em?&#8221; _builder_version=&#8221;4.17.4&#8243; _module_preset=&#8221;default&#8221; global_colors_info=&#8221;{}&#8221; open=&#8221;off&#8221;]<\/p>\n<p>Cats are animals that sleep 15-20 hours a day, so it&#039;s a great fortune to catch them awake at all.\u00a0<\/p>\n<p>[\/et_pb_accordion_item][et_pb_accordion_item title=&#8221;\u0160to ako se ma\u010dka popne na stol i po\u010dne piti moju kavu?&#8221; _builder_version=&#8221;4.17.4&#8243; _module_preset=&#8221;default&#8221; global_colors_info=&#8221;{}&#8221; open=&#8221;off&#8221;]<\/p>\n<p>Please don't let her do that! Cats do not digest dairy products and any contact with them can cause serious indigestion. If we notice you feeding the cats or letting them eat your drink, unfortunately we will have to ask you to leave.<\/p>\n<p>[\/et_pb_accordion_item][et_pb_accordion_item title=&#8221;Smiju li se mace u Cat Caffeu maziti?&#8221; _builder_version=&#8221;4.17.4&#8243; _module_preset=&#8221;default&#8221; global_colors_info=&#8221;{}&#8221; open=&#8221;off&#8221;]<\/p>\n<p>You can pet them, but we recommend that you wait for them to come to you. In any case, please do not interrupt them while they are eating, drinking or sleeping. They might startle and react instinctively and scratch or bite you.<\/p>\n<p>[\/et_pb_accordion_item][et_pb_accordion_item title=&#8221;Imaju li mace mjesto gdje ljudi ne mogu i\u0107i?&#8221; _builder_version=&#8221;4.17.4&#8243; _module_preset=&#8221;default&#8221; global_colors_info=&#8221;{}&#8221; open=&#8221;off&#8221;]<\/p>\n<p>Cats have their own space where guests cannot enter. This area is always available to them, and there they have their own toilet, plenty of deckchairs and food to rest if they want peace and have too much contact with guests.<\/p>\n<p>[\/et_pb_accordion_item][\/et_pb_accordion][et_pb_icon font_icon=&#8221;&#xf1b0;||fa||900&#8243; icon_color=&#8221;gcid-3ba57b69-4a12-4a74-9ef4-51684fa97201&#8243; icon_width=&#8221;30px&#8221; _builder_version=&#8221;4.27.4&#8243; _module_preset=&#8221;default&#8221; global_colors_info=&#8221;{%22gcid-3ba57b69-4a12-4a74-9ef4-51684fa97201%22:%91%22icon_color%22%93}&#8221;][\/et_pb_icon][et_pb_text _builder_version=&#8221;4.27.4&#8243; _module_preset=&#8221;default&#8221; text_font=&#8221;Lora||||||||&#8221; text_text_color=&#8221;gcid-6c98f0e1-6af5-4617-9274-a05e96d485cc&#8221; text_font_size=&#8221;18px&#8221; text_line_height=&#8221;2em&#8221; link_font=&#8221;||||||||&#8221; ul_font=&#8221;||||||||&#8221; ol_font=&#8221;||||||||&#8221; quote_font=&#8221;||||||||&#8221; header_font=&#8221;||||||||&#8221; header_text_color=&#8221;#E09900&#8243; header_2_font=&#8221;Lora|700|||||||&#8221; header_2_text_color=&#8221;#E09900&#8243; header_2_font_size=&#8221;50px&#8221; header_2_line_height=&#8221;1.5em&#8221; header_3_text_color=&#8221;gcid-3ba57b69-4a12-4a74-9ef4-51684fa97201&#8243; header_5_font=&#8221;Oswald|||on|||||&#8221; header_5_text_color=&#8221;#E09900&#8243; header_5_font_size=&#8221;20px&#8221; header_5_letter_spacing=&#8221;3px&#8221; header_5_line_height=&#8221;1.7em&#8221; text_orientation=&#8221;center&#8221; background_layout=&#8221;dark&#8221; max_width=&#8221;750px&#8221; module_alignment=&#8221;center&#8221; custom_padding=&#8221;0px|||||&#8221; text_line_height_last_edited=&#8221;off|desktop&#8221; header_2_font_size_tablet=&#8221;&#8221; header_2_font_size_phone=&#8221;36px&#8221; header_2_font_size_last_edited=&#8221;on|desktop&#8221; global_colors_info=&#8221;{%22gcid-6c98f0e1-6af5-4617-9274-a05e96d485cc%22:%91%22text_text_color%22%93,%22gcid-3ba57b69-4a12-4a74-9ef4-51684fa97201%22:%91%22header_3_text_color%22%93}&#8221;]<\/p>\n<h3>About the offer...<\/h3>\n<p>[\/et_pb_text][et_pb_accordion open_toggle_text_color=&#8221;#d29f68&#8243; open_toggle_background_color=&#8221;#232220&#8243; _builder_version=&#8221;4.17.4&#8243; _module_preset=&#8221;default&#8221; toggle_font=&#8221;Oswald|||on|||||&#8221; toggle_font_size=&#8221;16px&#8221; toggle_letter_spacing=&#8221;3px&#8221; toggle_line_height=&#8221;1.5em&#8221; body_font=&#8221;Lora||||||||&#8221; body_text_color=&#8221;#ffffff&#8221; body_font_size=&#8221;18px&#8221; body_line_height=&#8221;2em&#8221; max_width=&#8221;900px&#8221; max_width_tablet=&#8221;&#8221; max_width_phone=&#8221;&#8221; max_width_last_edited=&#8221;on|desktop&#8221; module_alignment=&#8221;center&#8221; custom_margin=&#8221;|||&#8221; animation_style=&#8221;slide&#8221; animation_direction=&#8221;top&#8221; animation_intensity_slide=&#8221;5%&#8221; border_radii=&#8221;on|8px|8px|8px|8px&#8221; border_width_all=&#8221;0px&#8221; global_colors_info=&#8221;{}&#8221;][et_pb_accordion_item title=&#8221;Jesu li \u0161ljokice u kavi jestive?&#8221; open=&#8221;on&#8221; _builder_version=&#8221;4.17.4&#8243; _module_preset=&#8221;default&#8221; global_colors_info=&#8221;{}&#8221;]<\/p>\n<p>Glitter in coffee and any other drink is edible and safe for consumption. They have no taste and are only used for decoration.<\/p>\n<p>[\/et_pb_accordion_item][et_pb_accordion_item title=&#8221;Za\u0161to priprema moje narud\u017ebe traje toliko dugo?&#8221; _builder_version=&#8221;4.17.4&#8243; _module_preset=&#8221;default&#8221; global_colors_info=&#8221;{}&#8221; open=&#8221;off&#8221;]<\/p>\n<p>Each of your orders is prepared with a lot of love and attention. Most of our drinks are creatively demanding, so we simply need time to prepare some orders to make each one great. We appreciate your coming and believe that a quality product is worth the wait, and we want all our visitors to receive products of equal quality. Also, in addition to serving visitors, we have cats in the cafe that we need to know are well. Checking all cats can slow down the service. Don&#039;t take us for granted, we do our best to be as high quality and as fast as possible.<\/p>\n<p>[\/et_pb_accordion_item][et_pb_accordion_item title=&#8221;Kako mogu igrati neku od dru\u0161tvenih igara koje imate u kafi\u0107u?&#8221; _builder_version=&#8221;4.17.4&#8243; _module_preset=&#8221;default&#8221; global_colors_info=&#8221;{}&#8221; open=&#8221;off&#8221;]<\/p>\n<p>At the bar, ask one of the employees for the game you want. Please keep it safe and put all the parts back in the packaging when you are finished and put the game on the counter.<\/p>\n<p>[\/et_pb_accordion_item][\/et_pb_accordion][\/et_pb_column][\/et_pb_row][\/et_pb_section][et_pb_section fb_built=&#8221;1&#8243; _builder_version=&#8221;4.17.4&#8243; _module_preset=&#8221;default&#8221; use_background_color_gradient=&#8221;on&#8221; background_color_gradient_stops=&#8221;#ffffff 0%|rgba(255,255,255,0) 100%&#8221; background_color_gradient_overlays_image=&#8221;on&#8221; background_color_gradient_start=&#8221;#ffffff&#8221; background_color_gradient_end=&#8221;rgba(255,255,255,0)&#8221; background_image=&#8221;http:\/\/catcaffezagreb.com\/wp-content\/uploads\/2022\/07\/pet-20-5.jpg&#8221; custom_padding=&#8221;0|0px|400px|0px|false|false&#8221; global_colors_info=&#8221;{}&#8221;][\/et_pb_section]<\/p>","protected":false},"excerpt":{"rendered":"<p>\u0160TO TREBATE ZNATI Najvi\u0161e nas pitate&#8230; &#8230;ovih nekoliko pitanja. Ako ono \u0161to te zanima ne nalazi\u0161 ovdje, slobodno nam se javi ili pitaj na\u0161e osoblje prilikom posjete macama.O macama&#8230;Strogo je zabranjeno donositi bilo kakvu hranu, bilo ma\u010dju ili ljudsku. Nemamo dozvolu za konzumaciju hrane. Na\u0161e su mace \u0107e vas sigurno poku\u0161ati nagovoriti da im date [&hellip;]<\/p>","protected":false},"author":4,"featured_media":0,"parent":0,"menu_order":0,"comment_status":"closed","ping_status":"closed","template":"","meta":{"_et_pb_use_builder":"on","_et_pb_old_content":"","_et_gb_content_width":"","footnotes":""},"class_list":["post-1432","page","type-page","status-publish","hentry"],"_links":{"self":[{"href":"https:\/\/catcaffezagreb.com\/en\/wp-json\/wp\/v2\/pages\/1432","targetHints":{"allow":["GET"]}}],"collection":[{"href":"https:\/\/catcaffezagreb.com\/en\/wp-json\/wp\/v2\/pages"}],"about":[{"href":"https:\/\/catcaffezagreb.com\/en\/wp-json\/wp\/v2\/types\/page"}],"author":[{"embeddable":true,"href":"https:\/\/catcaffezagreb.com\/en\/wp-json\/wp\/v2\/users\/4"}],"replies":[{"embeddable":true,"href":"https:\/\/catcaffezagreb.com\/en\/wp-json\/wp\/v2\/comments?post=1432"}],"version-history":[{"count":23,"href":"https:\/\/catcaffezagreb.com\/en\/wp-json\/wp\/v2\/pages\/1432\/revisions"}],"predecessor-version":[{"id":2192,"href":"https:\/\/catcaffezagreb.com\/en\/wp-json\/wp\/v2\/pages\/1432\/revisions\/2192"}],"wp:attachment":[{"href":"https:\/\/catcaffezagreb.com\/en\/wp-json\/wp\/v2\/media?parent=1432"}],"curies":[{"name":"wp","href":"https:\/\/api.w.org\/{rel}","templated":true}]}}